{"id":7,"date":"2013-01-28T10:27:02","date_gmt":"2013-01-28T09:27:02","guid":{"rendered":"http:\/\/hirth-strassenbau.de\/?page_id=7"},"modified":"2022-01-20T11:34:17","modified_gmt":"2022-01-20T10:34:17","slug":"leistungen","status":"publish","type":"page","link":"https:\/\/hirth-strassenbau.de\/?page_id=7","title":{"rendered":"Leistungen"},"content":{"rendered":"<h6><a name=\"Umgestaltung\"><\/a>Neu- und Umgestaltung von Au\u00dfenanlagen<\/h6>\n<p><a href=\"\/wp-content\/uploads\/2013\/01\/leistungen_bild01.jpg\"><img loading=\"lazy\" decoding=\"async\" class=\"alignright wp-image-53 size-full\" src=\"https:\/\/hirth-strassenbau.de\/wp-content\/uploads\/2013\/01\/leistungen_bild01.jpg\" alt=\"leistungen_bild01\" width=\"280\" height=\"160\"><\/a>Die Tipps und Tricks zum Bauen f\u00fcr den Bereich Au\u00dfenanlagen umfassen alle Bauten und Erdbearbeitungen rund um Ihr Haus. Zum Bauen von Au\u00dfenanlagen geh\u00f6ren nicht nur Erdbewegungen f\u00fcr Gr\u00fcnfl\u00e4chen, Pflasterarbeiten und Entw\u00e4sserungsarbeiten. Auch f\u00fcr die Gartengestaltung, das Bauen von Wegen, Einfahrten, Stellpl\u00e4tzen, Carports und Garagen und die Errichtung von Mauern, Z\u00e4unen und Hecken halten wir n\u00fctzliche Tipps f\u00fcr Sie bereit.<\/p>\n<h6><a name=\"Beton\"><\/a>Natur- und Betonsteinarbeiten<\/h6>\n<h4><a href=\"\/wp-content\/uploads\/2013\/01\/leistungen_bild02.jpg\"><img loading=\"lazy\" decoding=\"async\" class=\"alignright wp-image-57 size-full\" src=\"https:\/\/hirth-strassenbau.de\/wp-content\/uploads\/2013\/01\/leistungen_bild02.jpg\" alt=\"leistungen_bild02\" width=\"280\" height=\"160\"><\/a>Mit ausgew\u00e4hlten und optisch ansprechenden Pflaster- und Steinarbeiten runden Sie das Gesamtbild bei der Gestaltung Ihrer Aussenanlage perfekt ab. Wir bieten Ihnen im Rahmen eines Konzeptes oder aber auf Wunsch auch ausschlie\u00dflich die professionelle Verlegung von Natur- und Betonsteinen aller Art an. Neben den klassischen Verlegearbeiten geh\u00f6rt hierzu auch das Anlegen von Naturstein- und Trockenmauern, die wir gerne f\u00fcr Sie \u00fcbernehmen.<\/h4>\n<p>Neben der Neugestaltung von Fl\u00e4chen geh\u00f6rt auch die Sanierung oder Versch\u00f6nerung alter Pflasterfl\u00e4chen zu unserem Angebot. Denn Garten- und Landschaftsbau hei\u00dft auch, neue Perspektiven schaffen. Dazu geh\u00f6rt nat\u00fcrlich auch das fachm\u00e4nnische Erstellen von Hauseing\u00e4ngen nach Ihren individuellen W\u00fcnschen.<\/p>\n<h6><a name=\"Asphalt\"><\/a>Asphaltarbeiten<\/h6>\n<p><a href=\"\/wp-content\/uploads\/2013\/02\/leistungen_bild3.jpg\"><img loading=\"lazy\" decoding=\"async\" class=\"alignright wp-image-58 size-full\" src=\"\/wp-content\/uploads\/2013\/02\/leistungen_bild3.jpg\" alt=\"leistungen_bild3\" width=\"280\" height=\"160\"><\/a>Asphaltbelag eigenet sich am besten f\u00fcr gro\u00dfe Fl\u00e4chen und ist sehr Pflegeleicht. Wir f\u00fchren Asphalt- und Stra\u00dfenarbeiten jeglicher Art durch inkl. der dazugeh\u00f6rigen Arbeiten wie z.B. Bordsteinabsenkungen etc. Sprechen Sie uns an und wir planen mit Ihnen individuell Ihr Anliegen.<\/p>\n<h6><a name=\"Terrassen\"><\/a>Terrassen<\/h6>\n<p><a href=\"\/wp-content\/uploads\/2013\/01\/leistungen_bild04.jpg\"><img loading=\"lazy\" decoding=\"async\" class=\"alignright wp-image-60 size-full\" src=\"https:\/\/hirth-strassenbau.de\/wp-content\/uploads\/2013\/01\/leistungen_bild04.jpg\" alt=\"leistungen_bild04\" width=\"280\" height=\"160\"><\/a>Ob zum Sonnenbaden oder Kaffeetrinken an der frischen Luft &#8211; auf der eigenen Terrasse zu sitzen ist f\u00fcr viele Menschen der Inbegriff des Sommers. Der Bau einer Terrasse sollte gut geplant sein, damit Sie lange Freude daran haben. Viele Faktoren spielen beim Terrassenbau eine Rolle, wie z.B. das Material, der frostfeste Unterbau, das Verlegen des Belages und nat\u00fcrlich auch die Beachtung des Gef\u00e4lles. Wir bauen Ihre Terrasse, damit Sie eine optisch passende, pflegeleichte und vorallem best\u00e4ndige Terrasse Ihr eigen nennen k\u00f6nnen.<\/p>\n<h6><a name=\"Zuwegungen\"><\/a>Zuwegungen<\/h6>\n<p><a href=\"\/wp-content\/uploads\/2013\/01\/leistungen_bild05.jpg\"><img loading=\"lazy\" decoding=\"async\" class=\"alignright wp-image-61 size-full\" src=\"https:\/\/hirth-strassenbau.de\/wp-content\/uploads\/2013\/01\/leistungen_bild05.jpg\" alt=\"leistungen_bild05\" width=\"280\" height=\"160\"><\/a>Beim Bau von Zuwegungen sind die gleichen Kriterien zu beachten, wie bespielsweise beim Bau der Terrasse. Das Material, ein frostbest\u00e4ndiger Unterbau und die Beachtung von Gef\u00e4llen sind ausschlaggebend f\u00fcr einen best\u00e4ndigen Weg. Je nachdem was f\u00fcr Wege es werden sollen haben diese eine hohe Lastenaufnahme und sollten daher unbedingt von einem Fachmann angelegt sein. Wir garantieren bei all unseren Arbeiten eine hohe Quali\u00e4t.<\/p>\n<h6><a name=\"Trocken\"><\/a>Trockenlegungen von H\u00e4usern<\/h6>\n<p><a href=\"\/wp-content\/uploads\/2013\/02\/leistungen_bild06.jpg\"><img loading=\"lazy\" decoding=\"async\" class=\"alignright wp-image-64 size-full\" src=\"https:\/\/hirth-strassenbau.de\/wp-content\/uploads\/2013\/01\/leistungen_bild06.jpg\" alt=\"leistungen_bild06\" width=\"280\" height=\"160\"><\/a>Wenn man diese Art von Arbeit macht, sollte man unbedingt Fachkenntnisse besitzen. Es k\u00f6nnen sonst sehr teure Sch\u00e4den entstehen. Der Alptraum eines jeden Hausbesitzers ist feuchtes Mauerwerk. Die Folgen der Feuchte k\u00f6nnen vielf\u00e4ltig sein. Es gibt eine Reihe von Ursachen f\u00fcr feuchtes Mauerwerk. Die jeweilige Ursache zu kennen, ist f\u00fcr die Trockenlegung des Mauerwerks unerl\u00e4sslich. Die Methoden Mauern trocken zu legen, sind je nach Ursache unterschiedlich zu w\u00e4hlen. Kosten und Dauer variieren je nach Ursache deutlich. Die h\u00e4ufigsten Ursachen f\u00fcr feuchte Mauern im Haus sind: &#8211; Eindringen von Regenwasser &#8211; Undichte Wasserleitungen im Haus &#8211; Aufsteigende Feuchtigkeit aus dem Erdreich &#8211; Kondensluft aus Raumluft<\/p>\n<h6><a name=\"Ausfahrten\"><\/a>Ein- und Ausfahrten<\/h6>\n<p><a href=\"\/wp-content\/uploads\/2013\/01\/leistungen_bild07.jpg\"><img loading=\"lazy\" decoding=\"async\" class=\"alignright wp-image-65 size-full\" src=\"https:\/\/hirth-strassenbau.de\/wp-content\/uploads\/2013\/01\/leistungen_bild07.jpg\" alt=\"leistungen_bild07\" width=\"280\" height=\"160\"><\/a>Der erste Eindruck z\u00e4hlt, so auch bei Ihrem Haus. Die Einfahrt ist die Visitenkarte Ihres Hauses und sollte professionell, sauber, best\u00e4ndig angelegt sein. Ihre Kreativit\u00e4t setzen wir um!!! Die meisten Einfahrten werden gepflastert. Bei Pflasterarbeiten wird oft auf den Fachmann verzichtet. Allerdings kann man hier genauso viel falsch machen, wie bei anderen Gewerken. Pflasterarbeiten in Eigenleistung sind sehr zeitaufwendig. Pflastersteine werden in unterschiedlichen Materialien und Verlegemustern angeboten. Die Farbe der Pflastersteine sollte mit dem Gesamtbild des Hauses harmonieren. Kreise und B\u00f6gen im Verlegemuster sind aufwendiger.<\/p>\n","protected":false},"excerpt":{"rendered":"<p>Neu- und Umgestaltung von Au\u00dfenanlagen Die Tipps und Tricks zum Bauen f\u00fcr den Bereich Au\u00dfenanlagen umfassen alle Bauten und Erdbearbeitungen rund um Ihr Haus. Zum Bauen von Au\u00dfenanlagen geh\u00f6ren nicht nur Erdbewegungen f\u00fcr Gr\u00fcnfl\u00e4chen, Pflasterarbeiten und Entw\u00e4sserungsarbeiten. Auch f\u00fcr die &hellip; <a href=\"https:\/\/hirth-strassenbau.de\/?page_id=7\">Weiterlesen <span class=\"meta-nav\">&rarr;<\/span><\/a><\/p>\n","protected":false},"author":1,"featured_media":0,"parent":0,"menu_order":0,"comment_status":"closed","ping_status":"closed","template":"","meta":{"ngg_post_thumbnail":0,"footnotes":""},"class_list":["post-7","page","type-page","status-publish","hentry"],"_links":{"self":[{"href":"https:\/\/hirth-strassenbau.de\/index.php?rest_route=\/wp\/v2\/pages\/7","targetHints":{"allow":["GET"]}}],"collection":[{"href":"https:\/\/hirth-strassenbau.de\/index.php?rest_route=\/wp\/v2\/pages"}],"about":[{"href":"https:\/\/hirth-strassenbau.de\/index.php?rest_route=\/wp\/v2\/types\/page"}],"author":[{"embeddable":true,"href":"https:\/\/hirth-strassenbau.de\/index.php?rest_route=\/wp\/v2\/users\/1"}],"replies":[{"embeddable":true,"href":"https:\/\/hirth-strassenbau.de\/index.php?rest_route=%2Fwp%2Fv2%2Fcomments&post=7"}],"version-history":[{"count":45,"href":"https:\/\/hirth-strassenbau.de\/index.php?rest_route=\/wp\/v2\/pages\/7\/revisions"}],"predecessor-version":[{"id":193,"href":"https:\/\/hirth-strassenbau.de\/index.php?rest_route=\/wp\/v2\/pages\/7\/revisions\/193"}],"wp:attachment":[{"href":"https:\/\/hirth-strassenbau.de\/index.php?rest_route=%2Fwp%2Fv2%2Fmedia&parent=7"}],"curies":[{"name":"wp","href":"https:\/\/api.w.org\/{rel}","templated":true}]}}